{"id":16417,"date":"2021-10-25T10:37:35","date_gmt":"2021-10-25T07:37:35","guid":{"rendered":"http:\/\/shiv.sidhana"},"modified":"2021-10-25T10:37:35","modified_gmt":"2021-10-25T07:37:35","slug":"zeiterfassungsterminal-tm-f22bc-2","status":"publish","type":"product","link":"https:\/\/aio-eastafrica.com\/en\/product\/zeiterfassungsterminal-tm-f22bc-2\/","title":{"rendered":"Time recording terminal TM F22bc"},"content":{"rendered":"<div class=\"tab-body active\">\n<p><span style=\"font-family: verdana, geneva; font-size: 14px;\">Die preiswerte Variante f\u00fcr eine gew\u00fcnschte Fingerbiometrie.<\/span><br \/>\n<span style=\"font-family: verdana, geneva; font-size: 14px;\">Das TM F22bc ist ebenfalls mit einem Farb-TFT-Monitor ausgestattet und erm\u00f6glicht eine gezielte Erfassung s\u00e4mtlicher Fingerabdr\u00fccke.<\/span><br \/>\n<span style=\"font-family: verdana, geneva; font-size: 14px;\">Durch seine gr\u00fcne Farbreflexion am Fingerabdruckscanner, wird die Lesefl\u00e4che konkret signalisiert.<\/span><\/p>\n<p><span style=\"font-family: verdana, geneva; font-size: 14px;\"><span style=\"color: #27a490;\"><strong>Services:<\/strong><\/span>\u200b<\/span><\/p>\n<ul>\n<li><span style=\"font-family: verdana, geneva; font-size: 14px;\">Stammdaten: 5.000<\/span><\/li>\n<li><span style=\"font-family: verdana, geneva; font-size: 14px;\">Buchungsspeicher: 30.000<\/span><\/li>\n<li><span style=\"font-family: verdana, geneva; font-size: 14px;\">Fingerprints: 3.000<\/span><\/li>\n<li><span style=\"font-family: verdana, geneva; font-size: 14px;\">Lesertyp und Eingabe: Kratzfester optischer Fingerprint-Sensor \/ ber\u00fchrungsloser RFID\u00a0Leser<\/span><\/li>\n<li><span style=\"font-family: verdana, geneva; font-size: 14px;\">Kommunikation: TCP\/IP<\/span><\/li>\n<li><span style=\"font-family: verdana, geneva; font-size: 14px;\">Display: 2,4&#8243; TFT Farbdisplay<\/span><\/li>\n<li><span style=\"font-family: verdana, geneva; font-size: 14px;\">Tastatur: Numerisch \/ Men\u00fcsteuerung \/ plus 6 Funktionstasten<\/span><\/li>\n<\/ul>\n<\/div>","protected":false},"excerpt":{"rendered":"<span style=\"color: #57667e; font-size: 14px; font-family: verdana, geneva;\">&#8211; 2,4-Zoll-TFT-Farbbildschirm und Touch-Tasten.<\/span>\n<span style=\"color: #57667e; font-size: 14px; font-family: verdana, geneva;\">&#8211; hoher Leistung und hoher Bildqualit\u00e4t.<\/span>\n<span style=\"font-size: 14px; font-family: verdana, geneva; color: #57667e;\">&#8211; ultrad\u00fcnnes Zeiterfassungs- und Zugangskontrollger\u00e4t per Fingerabdruck mit <\/span>\n<span style=\"font-size: 14px; font-family: verdana, geneva; color: #57667e;\">\u00a0\u00a0 SilkID-Sensor.<\/span>","protected":false},"featured_media":16449,"template":"","meta":{"om_disable_all_campaigns":false,"_monsterinsights_skip_tracking":false,"_monsterinsights_sitenote_active":false,"_monsterinsights_sitenote_note":"","_monsterinsights_sitenote_category":0},"product_brand":[],"product_cat":[68],"product_tag":[],"class_list":{"0":"post-16417","1":"product","2":"type-product","3":"status-publish","4":"has-post-thumbnail","6":"product_cat-zeiterfassungsterminal","8":"first","9":"instock","10":"taxable","11":"shipping-taxable","12":"purchasable","13":"product-type-simple"},"aioseo_notices":[],"_links":{"self":[{"href":"https:\/\/aio-eastafrica.com\/en\/wp-json\/wp\/v2\/product\/16417","targetHints":{"allow":["GET"]}}],"collection":[{"href":"https:\/\/aio-eastafrica.com\/en\/wp-json\/wp\/v2\/product"}],"about":[{"href":"https:\/\/aio-eastafrica.com\/en\/wp-json\/wp\/v2\/types\/product"}],"wp:featuredmedia":[{"embeddable":true,"href":"https:\/\/aio-eastafrica.com\/en\/wp-json\/wp\/v2\/media\/16449"}],"wp:attachment":[{"href":"https:\/\/aio-eastafrica.com\/en\/wp-json\/wp\/v2\/media?parent=16417"}],"wp:term":[{"taxonomy":"product_brand","embeddable":true,"href":"https:\/\/aio-eastafrica.com\/en\/wp-json\/wp\/v2\/product_brand?post=16417"},{"taxonomy":"product_cat","embeddable":true,"href":"https:\/\/aio-eastafrica.com\/en\/wp-json\/wp\/v2\/product_cat?post=16417"},{"taxonomy":"product_tag","embeddable":true,"href":"https:\/\/aio-eastafrica.com\/en\/wp-json\/wp\/v2\/product_tag?post=16417"}],"curies":[{"name":"wp","href":"https:\/\/api.w.org\/{rel}","templated":true}]}}