{"id":16415,"date":"2021-10-25T10:37:35","date_gmt":"2021-10-25T07:37:35","guid":{"rendered":"http:\/\/shiv.sidhana"},"modified":"2021-10-25T10:37:35","modified_gmt":"2021-10-25T07:37:35","slug":"zeiterfassungsterminal-tm-360bc-2","status":"publish","type":"product","link":"https:\/\/aio-eastafrica.com\/en\/product\/zeiterfassungsterminal-tm-360bc-2\/","title":{"rendered":"Time recording terminal TM 360bc"},"content":{"rendered":"<div class=\"tab-body active\">\n<p><span style=\"font-family: verdana, geneva; font-size: 14px;\"><strong><span style=\"color: #27a490;\">Technische Daten:<\/span><br \/>\n\u200b<\/strong><\/span><\/p>\n<ul>\n<li><span style=\"font-family: verdana, geneva; font-size: 14px; color: #000000;\">Betriebssystem: Linux<\/span><\/li>\n<li><span style=\"font-family: verdana, geneva; font-size: 14px; color: #000000;\">Transponder Typ: RFID 125KHz EM4100\/4200<\/span><\/li>\n<li><span style=\"font-family: verdana, geneva; font-size: 14px; color: #000000;\">Leserabstand: 2 bis 10 cm<\/span><\/li>\n<li><span style=\"font-family: verdana, geneva; font-size: 14px; color: #000000;\">Stromversorgung: Externes Netzteil 12V\u00a0DC 1.5A<\/span><\/li>\n<li><span style=\"font-family: verdana, geneva; font-size: 14px; color: #000000;\">Ma\u00dfe in mm: L=192, B=140, T=41<\/span><\/li>\n<li><span style=\"font-family: verdana, geneva; font-size: 14px; color: #000000;\">Betriebstemperatur: 0\u00b0C bis 45\u00b0C<\/span><\/li>\n<li><span style=\"font-family: verdana, geneva; font-size: 14px; color: #000000;\">Luftfeuchtigkeit: 20% &#8211; 80%<\/span><\/li>\n<\/ul>\n<\/div>","protected":false},"excerpt":{"rendered":"<span style=\"font-family: verdana, geneva; font-size: 14px; color: #57667e;\">&#8211; Das Zeiterfassungsterminal TM 360bc bietet eine beeindruckende<\/span>\n<span style=\"font-family: verdana, geneva; font-size: 14px; color: #57667e;\">\u00a0 \u00a0Benutzeroberfl\u00e4che und solide Stabilit\u00e4t.<\/span>\n<span style=\"font-family: verdana, geneva; font-size: 14px; color: #57667e;\">&#8211; Es f\u00f6rdert das Zeit- und Anwesenheitsmanagement f\u00fcr Fingerabdr\u00fccke<\/span>\n<span style=\"font-family: verdana, geneva; font-size: 14px; color: #57667e;\">\u00a0 \u00a0auf die n\u00e4chste Ebene.<\/span>","protected":false},"featured_media":16442,"template":"","meta":{"om_disable_all_campaigns":false,"_monsterinsights_skip_tracking":false,"_monsterinsights_sitenote_active":false,"_monsterinsights_sitenote_note":"","_monsterinsights_sitenote_category":0},"product_brand":[],"product_cat":[68],"product_tag":[],"class_list":{"0":"post-16415","1":"product","2":"type-product","3":"status-publish","4":"has-post-thumbnail","6":"product_cat-zeiterfassungsterminal","8":"first","9":"instock","10":"taxable","11":"shipping-taxable","12":"purchasable","13":"product-type-simple"},"aioseo_notices":[],"_links":{"self":[{"href":"https:\/\/aio-eastafrica.com\/en\/wp-json\/wp\/v2\/product\/16415","targetHints":{"allow":["GET"]}}],"collection":[{"href":"https:\/\/aio-eastafrica.com\/en\/wp-json\/wp\/v2\/product"}],"about":[{"href":"https:\/\/aio-eastafrica.com\/en\/wp-json\/wp\/v2\/types\/product"}],"wp:featuredmedia":[{"embeddable":true,"href":"https:\/\/aio-eastafrica.com\/en\/wp-json\/wp\/v2\/media\/16442"}],"wp:attachment":[{"href":"https:\/\/aio-eastafrica.com\/en\/wp-json\/wp\/v2\/media?parent=16415"}],"wp:term":[{"taxonomy":"product_brand","embeddable":true,"href":"https:\/\/aio-eastafrica.com\/en\/wp-json\/wp\/v2\/product_brand?post=16415"},{"taxonomy":"product_cat","embeddable":true,"href":"https:\/\/aio-eastafrica.com\/en\/wp-json\/wp\/v2\/product_cat?post=16415"},{"taxonomy":"product_tag","embeddable":true,"href":"https:\/\/aio-eastafrica.com\/en\/wp-json\/wp\/v2\/product_tag?post=16415"}],"curies":[{"name":"wp","href":"https:\/\/api.w.org\/{rel}","templated":true}]}}