{"id":13323,"date":"2021-08-31T11:20:06","date_gmt":"2021-08-31T09:20:06","guid":{"rendered":"http:\/\/new.aio-eastafrica.com\/?post_type=product&#038;p=13323"},"modified":"2021-09-17T08:58:13","modified_gmt":"2021-09-17T06:58:13","slug":"usb-stick","status":"publish","type":"product","link":"https:\/\/aio-eastafrica.com\/en\/product\/usb-stick\/","title":{"rendered":"USB-Stick"},"content":{"rendered":"<div class=\"tab-body active\">\n<div><span style=\"font-family: verdana, geneva; font-size: 14px; color: #27a490;\"><strong>USB-Stick<\/strong><\/span><\/div>\n<div><\/div>\n<div><span style=\"font-family: verdana, geneva; font-size: 14px;\">F\u00fcr die manuelle Daten\u00fcbertragung durch die Speicherung der Daten auf einem USB-Stick.<\/span><\/div>\n<div><span style=\"font-family: verdana, geneva; font-size: 14px;\">Der USB-Stick verf\u00fcgt \u00fcber eine Kapazit\u00e4t von 4GB.<\/span><\/div>\n<\/div>","protected":false},"excerpt":{"rendered":"<strong><span style=\"color: #27a490; font-family: verdana, geneva; font-size: 14px;\">USB-Stick<\/span><\/strong>","protected":false},"featured_media":13812,"template":"","meta":{"om_disable_all_campaigns":false,"_monsterinsights_skip_tracking":false,"_monsterinsights_sitenote_active":false,"_monsterinsights_sitenote_note":"","_monsterinsights_sitenote_category":0},"product_brand":[],"product_cat":[72],"product_tag":[],"class_list":{"0":"post-13323","1":"product","2":"type-product","3":"status-publish","4":"has-post-thumbnail","6":"product_cat-zubehoer","8":"first","9":"instock","10":"taxable","11":"shipping-taxable","12":"purchasable","13":"product-type-simple"},"aioseo_notices":[],"_links":{"self":[{"href":"https:\/\/aio-eastafrica.com\/en\/wp-json\/wp\/v2\/product\/13323","targetHints":{"allow":["GET"]}}],"collection":[{"href":"https:\/\/aio-eastafrica.com\/en\/wp-json\/wp\/v2\/product"}],"about":[{"href":"https:\/\/aio-eastafrica.com\/en\/wp-json\/wp\/v2\/types\/product"}],"wp:featuredmedia":[{"embeddable":true,"href":"https:\/\/aio-eastafrica.com\/en\/wp-json\/wp\/v2\/media\/13812"}],"wp:attachment":[{"href":"https:\/\/aio-eastafrica.com\/en\/wp-json\/wp\/v2\/media?parent=13323"}],"wp:term":[{"taxonomy":"product_brand","embeddable":true,"href":"https:\/\/aio-eastafrica.com\/en\/wp-json\/wp\/v2\/product_brand?post=13323"},{"taxonomy":"product_cat","embeddable":true,"href":"https:\/\/aio-eastafrica.com\/en\/wp-json\/wp\/v2\/product_cat?post=13323"},{"taxonomy":"product_tag","embeddable":true,"href":"https:\/\/aio-eastafrica.com\/en\/wp-json\/wp\/v2\/product_tag?post=13323"}],"curies":[{"name":"wp","href":"https:\/\/api.w.org\/{rel}","templated":true}]}}