{"id":13256,"date":"2021-08-31T08:13:55","date_gmt":"2021-08-31T06:13:55","guid":{"rendered":"http:\/\/new.aio-eastafrica.com\/?post_type=product&#038;p=13256"},"modified":"2021-09-22T08:58:19","modified_gmt":"2021-09-22T06:58:19","slug":"zeiterfassungsterminal-tm-680bc","status":"publish","type":"product","link":"https:\/\/aio-eastafrica.com\/en\/product\/zeiterfassungsterminal-tm-680bc\/","title":{"rendered":"Zeiterfassungsterminal TM 680bc"},"content":{"rendered":"<div class=\"tab-body active\">\n<p><span style=\"font-family: verdana, geneva; font-size: 14px; color: #000000;\">Die preiswerte Variante f\u00fcr eine gew\u00fcnschte Fingerbiometrie.<\/span><br \/>\n<span style=\"font-family: verdana, geneva; font-size: 14px; color: #000000;\">Das TM 680bc ist ebenfalls mit einem Farb-TFT-Monitor ausgestattet und erm\u00f6glicht eine gezielte Erfassung s\u00e4mtlicher Fingerabdr\u00fccke.<\/span><br \/>\n<span style=\"font-family: verdana, geneva; font-size: 14px; color: #000000;\">Durch seine gr\u00fcne Farbreflexion am Fingerabdruckscanner, wird die Lesefl\u00e4che konkret signalisiert.<\/span><\/p>\n<p><span style=\"font-family: verdana, geneva; font-size: 14px; color: #27a490;\"><strong>Services:<\/strong><\/span><\/p>\n<ul>\n<li><span style=\"font-family: verdana, geneva; font-size: 14px; color: #000000;\">Stammdaten: 30.000<\/span><\/li>\n<li><span style=\"font-family: verdana, geneva; font-size: 14px; color: #000000;\">Buchungsspeicher: 200.000<\/span><\/li>\n<li><span style=\"font-family: verdana, geneva; font-size: 14px; color: #000000;\">Fingerprints: 8.000<\/span><\/li>\n<li><span style=\"font-family: verdana, geneva; font-size: 14px; color: #000000;\">Lesertyp und Eingabe: Kratzfester optischer Fingerprint Sensor,<\/span><\/li>\n<li><span style=\"font-family: verdana, geneva; font-size: 14px; color: #000000;\">ber\u00fchrungsloser RFID Leser und PIN Eingabe<\/span><\/li>\n<li><span style=\"font-family: verdana, geneva; font-size: 14px; color: #000000;\">Kommunikation: TCP\/IP, USB-Stick<\/span><\/li>\n<li><span style=\"font-family: verdana, geneva; font-size: 14px; color: #000000;\">Display: 3,5&#8243; TFT Farbdisplay<\/span><\/li>\n<li><span style=\"font-family: verdana, geneva; font-size: 14px; color: #000000;\">LED Anzeige: Gr\u00fcn, Rot<\/span><\/li>\n<li><span style=\"font-family: verdana, geneva; font-size: 14px; color: #000000;\">Tastatur: Numerisch plus 8 Funktionstasten<\/span><\/li>\n<li><span style=\"font-family: verdana, geneva; font-size: 14px; color: #000000;\">Sommer- Winterzeit: Ja, wenn parametriert<\/span><\/li>\n<\/ul>\n<\/div>","protected":false},"excerpt":{"rendered":"<span style=\"font-family: verdana, geneva; font-size: 14px; color: #27a490;\"><strong> <span class=\"breadcrumbEntry\"> Zeiterfassungsterminal TM 680bc <\/span><\/strong><\/span>","protected":false},"featured_media":13758,"template":"","meta":{"om_disable_all_campaigns":false,"_monsterinsights_skip_tracking":false,"_monsterinsights_sitenote_active":false,"_monsterinsights_sitenote_note":"","_monsterinsights_sitenote_category":0},"product_brand":[],"product_cat":[68],"product_tag":[],"class_list":{"0":"post-13256","1":"product","2":"type-product","3":"status-publish","4":"has-post-thumbnail","6":"product_cat-zeiterfassungsterminal","8":"first","9":"instock","10":"taxable","11":"shipping-taxable","12":"purchasable","13":"product-type-simple"},"aioseo_notices":[],"_links":{"self":[{"href":"https:\/\/aio-eastafrica.com\/en\/wp-json\/wp\/v2\/product\/13256","targetHints":{"allow":["GET"]}}],"collection":[{"href":"https:\/\/aio-eastafrica.com\/en\/wp-json\/wp\/v2\/product"}],"about":[{"href":"https:\/\/aio-eastafrica.com\/en\/wp-json\/wp\/v2\/types\/product"}],"wp:featuredmedia":[{"embeddable":true,"href":"https:\/\/aio-eastafrica.com\/en\/wp-json\/wp\/v2\/media\/13758"}],"wp:attachment":[{"href":"https:\/\/aio-eastafrica.com\/en\/wp-json\/wp\/v2\/media?parent=13256"}],"wp:term":[{"taxonomy":"product_brand","embeddable":true,"href":"https:\/\/aio-eastafrica.com\/en\/wp-json\/wp\/v2\/product_brand?post=13256"},{"taxonomy":"product_cat","embeddable":true,"href":"https:\/\/aio-eastafrica.com\/en\/wp-json\/wp\/v2\/product_cat?post=13256"},{"taxonomy":"product_tag","embeddable":true,"href":"https:\/\/aio-eastafrica.com\/en\/wp-json\/wp\/v2\/product_tag?post=13256"}],"curies":[{"name":"wp","href":"https:\/\/api.w.org\/{rel}","templated":true}]}}