{"id":13253,"date":"2021-08-30T17:01:09","date_gmt":"2021-08-30T15:01:09","guid":{"rendered":"http:\/\/new.aio-eastafrica.com\/?post_type=product&#038;p=13253"},"modified":"2021-09-17T08:34:25","modified_gmt":"2021-09-17T06:34:25","slug":"zeiterfassungsterminal-tm-2000bc","status":"publish","type":"product","link":"https:\/\/aio-eastafrica.com\/en\/product\/zeiterfassungsterminal-tm-2000bc\/","title":{"rendered":"Time recording terminal TM 2000bc"},"content":{"rendered":"<div class=\"tab-body active\">\n<p><span style=\"font-family: verdana, geneva; font-size: 14px; color: #000000;\">Die preiswerte Variante f\u00fcr eine gew\u00fcnschte Fingerbiometrie.<\/span><br \/>\n<span style=\"font-family: verdana, geneva; font-size: 14px; color: #000000;\">Das TM 2000bc ist ebenfalls mit einem Farb-TFT-Monitor ausgestattet und erm\u00f6glicht eine gezielte Erfassung s\u00e4mtlicher Fingerabdr\u00fccke.<\/span><br \/>\n<span style=\"font-family: verdana, geneva; font-size: 14px; color: #000000;\">Durch seine gr\u00fcne Farbreflexion am Fingerabdruckscanner, wird die Lesefl\u00e4che konkret signalisiert.<\/span><\/p>\n<p><span style=\"font-family: verdana, geneva; font-size: 14px; color: #27a490;\"><strong>Services:<\/strong><\/span><\/p>\n<ul>\n<li><span style=\"font-family: verdana, geneva; font-size: 14px; color: #000000;\">Buchungsspeicher: 200.000<\/span><\/li>\n<li><span style=\"font-family: verdana, geneva; font-size: 14px; color: #000000;\">Fingerprints: 20.000(Standard), 40.000(Optional)<\/span><\/li>\n<li><span style=\"font-family: verdana, geneva; font-size: 14px; color: #000000;\">Kommunikation: TCP\/IP<\/span><\/li>\n<li><span style=\"font-family: verdana, geneva; font-size: 14px; color: #000000;\">Lesertyp und Eingabe: Kratzfester optischer Fingerprint Sensor,<\/span><br \/>\n<span style=\"font-family: verdana, geneva; font-size: 14px; color: #000000;\">ber\u00fchrungsloser RFID Leser und PIN Eingabe<\/span><\/li>\n<li><span style=\"font-family: verdana, geneva; font-size: 14px; color: #000000;\">Display:3,5&#8243; TFT Farbdisplay<\/span><\/li>\n<li><span style=\"font-family: verdana, geneva; font-size: 14px; color: #000000;\">LED Anzeige: Gr\u00fcn, Rot<\/span><\/li>\n<li><span style=\"font-family: verdana, geneva; font-size: 14px; color: #000000;\">Tastatur: Numerisch plus 6\u00a0Funktionstasten<\/span><\/li>\n<\/ul>\n<\/div>","protected":false},"excerpt":{"rendered":"<span style=\"color: #27a490; font-size: 14px; font-family: verdana, geneva;\"><strong>Time recording terminal TM 2000bc<\/strong><\/span>","protected":false},"featured_media":13739,"template":"","meta":{"om_disable_all_campaigns":false,"_monsterinsights_skip_tracking":false,"_monsterinsights_sitenote_active":false,"_monsterinsights_sitenote_note":"","_monsterinsights_sitenote_category":0},"product_brand":[],"product_cat":[68],"product_tag":[],"class_list":{"0":"post-13253","1":"product","2":"type-product","3":"status-publish","4":"has-post-thumbnail","6":"product_cat-zeiterfassungsterminal","8":"first","9":"instock","10":"taxable","11":"shipping-taxable","12":"purchasable","13":"product-type-simple"},"aioseo_notices":[],"_links":{"self":[{"href":"https:\/\/aio-eastafrica.com\/en\/wp-json\/wp\/v2\/product\/13253","targetHints":{"allow":["GET"]}}],"collection":[{"href":"https:\/\/aio-eastafrica.com\/en\/wp-json\/wp\/v2\/product"}],"about":[{"href":"https:\/\/aio-eastafrica.com\/en\/wp-json\/wp\/v2\/types\/product"}],"wp:featuredmedia":[{"embeddable":true,"href":"https:\/\/aio-eastafrica.com\/en\/wp-json\/wp\/v2\/media\/13739"}],"wp:attachment":[{"href":"https:\/\/aio-eastafrica.com\/en\/wp-json\/wp\/v2\/media?parent=13253"}],"wp:term":[{"taxonomy":"product_brand","embeddable":true,"href":"https:\/\/aio-eastafrica.com\/en\/wp-json\/wp\/v2\/product_brand?post=13253"},{"taxonomy":"product_cat","embeddable":true,"href":"https:\/\/aio-eastafrica.com\/en\/wp-json\/wp\/v2\/product_cat?post=13253"},{"taxonomy":"product_tag","embeddable":true,"href":"https:\/\/aio-eastafrica.com\/en\/wp-json\/wp\/v2\/product_tag?post=13253"}],"curies":[{"name":"wp","href":"https:\/\/api.w.org\/{rel}","templated":true}]}}