{"id":13250,"date":"2021-08-30T16:52:26","date_gmt":"2021-08-30T14:52:26","guid":{"rendered":"http:\/\/new.aio-eastafrica.com\/?post_type=product&#038;p=13250"},"modified":"2021-09-17T08:35:07","modified_gmt":"2021-09-17T06:35:07","slug":"zeiterfassungsterminal-tm-560bc","status":"publish","type":"product","link":"https:\/\/aio-eastafrica.com\/en\/product\/zeiterfassungsterminal-tm-560bc\/","title":{"rendered":"Time recording terminal TM 560bc"},"content":{"rendered":"<p><span style=\"color: #000000; font-family: verdana, geneva; font-size: 14px;\">Die preiswerte Variante f\u00fcr eine gew\u00fcnschte Fingerbiometrie.<\/span><br \/>\n<span style=\"color: #000000; font-family: verdana, geneva; font-size: 14px;\">Das TM560bc ist ebenfalls mit einem Farb-TFT-Monitor ausgestattet und erm\u00f6glicht eine gezielte Erfassung s\u00e4mtlicher Fingerabdr\u00fccke.<\/span><br \/>\n<span style=\"color: #000000; font-family: verdana, geneva; font-size: 14px;\">Durch seine gr\u00fcne Farbreflexion am Fingerabdruckscanner, wird die Lesefl\u00e4che konkret signalisiert.<\/span><\/p>\n<p>&nbsp;<\/p>\n<p><span style=\"color: #27a490; font-family: verdana, geneva; font-size: 14px;\"><strong>Services:<\/strong><\/span><\/p>\n<ul>\n<li><span style=\"color: #000000; font-family: verdana, geneva; font-size: 14px;\">Stammdaten: 30.000<\/span><\/li>\n<li><span style=\"color: #000000; font-family: verdana, geneva; font-size: 14px;\">Buchungsspeicher: 200.000<\/span><\/li>\n<li><span style=\"color: #000000; font-family: verdana, geneva; font-size: 14px;\">Fingerprints: 8.000<\/span><\/li>\n<li><span style=\"color: #000000; font-family: verdana, geneva; font-size: 14px;\">Lesertyp und Eingabe: Kratzfester optischer Fingerprint Sensor, <\/span><span style=\"color: #000000; font-family: verdana, geneva; font-size: 14px;\">ber\u00fchrungsloser RFID Leser und PIN Eingabe<\/span><\/li>\n<li><span style=\"color: #000000; font-family: verdana, geneva; font-size: 14px;\">Kommunikation: TCP\/IP<\/span><\/li>\n<li><span style=\"color: #000000; font-family: verdana, geneva; font-size: 14px;\">Display: 3,5&#8243; TFT Farbdisplay<\/span><\/li>\n<li><span style=\"color: #000000; font-family: verdana, geneva; font-size: 14px;\">LED Anzeige: Gr\u00fcn, Rot<\/span><\/li>\n<li><span style=\"color: #000000; font-family: verdana, geneva; font-size: 14px;\">Tastatur: Numerisch plus 8 Funktionstasten<\/span><\/li>\n<li><span style=\"color: #000000; font-family: verdana, geneva; font-size: 14px;\">Sommer- Winterzeit: Ja, wenn parametriert<\/span><\/li>\n<\/ul>","protected":false},"excerpt":{"rendered":"<h1 class=\"product-info-title-desktop hidden-xs hidden-sm\"><span style=\"color: #27a490; font-family: verdana, geneva; font-size: 14px;\"><strong>Time recording terminal TM 560bc<\/strong><\/span><\/h1>","protected":false},"featured_media":13749,"template":"","meta":{"om_disable_all_campaigns":false,"_monsterinsights_skip_tracking":false,"_monsterinsights_sitenote_active":false,"_monsterinsights_sitenote_note":"","_monsterinsights_sitenote_category":0},"product_brand":[],"product_cat":[68],"product_tag":[],"class_list":{"0":"post-13250","1":"product","2":"type-product","3":"status-publish","4":"has-post-thumbnail","6":"product_cat-zeiterfassungsterminal","8":"first","9":"instock","10":"taxable","11":"shipping-taxable","12":"purchasable","13":"product-type-simple"},"aioseo_notices":[],"_links":{"self":[{"href":"https:\/\/aio-eastafrica.com\/en\/wp-json\/wp\/v2\/product\/13250","targetHints":{"allow":["GET"]}}],"collection":[{"href":"https:\/\/aio-eastafrica.com\/en\/wp-json\/wp\/v2\/product"}],"about":[{"href":"https:\/\/aio-eastafrica.com\/en\/wp-json\/wp\/v2\/types\/product"}],"wp:featuredmedia":[{"embeddable":true,"href":"https:\/\/aio-eastafrica.com\/en\/wp-json\/wp\/v2\/media\/13749"}],"wp:attachment":[{"href":"https:\/\/aio-eastafrica.com\/en\/wp-json\/wp\/v2\/media?parent=13250"}],"wp:term":[{"taxonomy":"product_brand","embeddable":true,"href":"https:\/\/aio-eastafrica.com\/en\/wp-json\/wp\/v2\/product_brand?post=13250"},{"taxonomy":"product_cat","embeddable":true,"href":"https:\/\/aio-eastafrica.com\/en\/wp-json\/wp\/v2\/product_cat?post=13250"},{"taxonomy":"product_tag","embeddable":true,"href":"https:\/\/aio-eastafrica.com\/en\/wp-json\/wp\/v2\/product_tag?post=13250"}],"curies":[{"name":"wp","href":"https:\/\/api.w.org\/{rel}","templated":true}]}}